{"id":3,"date":"2019-03-18T11:01:06","date_gmt":"2019-03-18T11:01:06","guid":{"rendered":"https:\/\/monterossoistra.com\/?page_id=3"},"modified":"2023-09-05T21:24:01","modified_gmt":"2023-09-05T19:24:01","slug":"varstvo-osebnih-podatkov","status":"publish","type":"page","link":"https:\/\/monterossoistra.com\/sl\/varstvo-osebnih-podatkov\/","title":{"rendered":"Varstvo osebnih podatkov"},"content":{"rendered":"<p>[et_pb_section fb_built=&#8221;1&#8243; admin_label=&#8221;Hero&#8221; _builder_version=&#8221;4.20.4&#8243; use_background_color_gradient=&#8221;on&#8221; background_color_gradient_type=&#8221;circular&#8221; background_color_gradient_direction_radial=&#8221;top left&#8221; background_color_gradient_stops=&#8221;rgba(40,40,40,0.58) 0%|rgba(40,40,40,0) 100%&#8221; background_color_gradient_overlays_image=&#8221;on&#8221; background_color_gradient_start=&#8221;rgba(40,40,40,0.79)&#8221; background_color_gradient_end=&#8221;rgba(40,40,40,0.86)&#8221; background_image=&#8221;https:\/\/monterossoistra.com\/wp-content\/uploads\/slider-about-us.webp&#8221; custom_margin=&#8221;-62px||||false|false&#8221; custom_margin_tablet=&#8221;-62px||||false|false&#8221; custom_margin_phone=&#8221;0px||||false|false&#8221; custom_margin_last_edited=&#8221;on|phone&#8221; custom_padding=&#8221;6vw||6vw||true|false&#8221; animation_style=&#8221;zoom&#8221; animation_intensity_zoom=&#8221;10%&#8221; da_disable_devices=&#8221;off|off|off&#8221; global_colors_info=&#8221;{}&#8221; theme_builder_area=&#8221;post_content&#8221; da_is_popup=&#8221;off&#8221; da_exit_intent=&#8221;off&#8221; da_has_close=&#8221;on&#8221; da_alt_close=&#8221;off&#8221; da_dark_close=&#8221;off&#8221; da_not_modal=&#8221;on&#8221; da_is_singular=&#8221;off&#8221; da_with_loader=&#8221;off&#8221; da_has_shadow=&#8221;on&#8221;][et_pb_row _builder_version=&#8221;4.16&#8243; global_colors_info=&#8221;{}&#8221; theme_builder_area=&#8221;post_content&#8221;][et_pb_column type=&#8221;4_4&#8243; _builder_version=&#8221;4.16&#8243; custom_padding=&#8221;|||&#8221; global_colors_info=&#8221;{}&#8221; custom_padding__hover=&#8221;|||&#8221; theme_builder_area=&#8221;post_content&#8221;][et_pb_post_title meta=&#8221;off&#8221; featured_image=&#8221;off&#8221; _builder_version=&#8221;4.20.4&#8243; _module_preset=&#8221;default&#8221; title_font=&#8221;|300|||||||&#8221; title_text_color=&#8221;#FFFFFF&#8221; title_font_size=&#8221;64px&#8221; title_line_height=&#8221;1.1em&#8221; custom_margin=&#8221;||0px|&#8221; custom_padding=&#8221;11px|||16px|false|false&#8221; title_font_size_tablet=&#8221;44px&#8221; title_font_size_phone=&#8221;32px&#8221; title_font_size_last_edited=&#8221;on|phone&#8221; border_color_all=&#8221;#ffb400&#8243; border_width_left=&#8221;4px&#8221; border_color_left=&#8221;#C3282D&#8221; global_colors_info=&#8221;{}&#8221; theme_builder_area=&#8221;post_content&#8221;][\/et_pb_post_title][\/et_pb_column][\/et_pb_row][\/et_pb_section][et_pb_section fb_built=&#8221;1&#8243; _builder_version=&#8221;4.16&#8243; da_disable_devices=&#8221;off|off|off&#8221; global_colors_info=&#8221;{}&#8221; da_is_popup=&#8221;off&#8221; da_exit_intent=&#8221;off&#8221; da_has_close=&#8221;on&#8221; da_alt_close=&#8221;off&#8221; da_dark_close=&#8221;off&#8221; da_not_modal=&#8221;on&#8221; da_is_singular=&#8221;off&#8221; da_with_loader=&#8221;off&#8221; da_has_shadow=&#8221;on&#8221;][et_pb_row _builder_version=&#8221;4.16&#8243; global_colors_info=&#8221;{}&#8221;][et_pb_column type=&#8221;4_4&#8243; _builder_version=&#8221;4.16&#8243; global_colors_info=&#8221;{}&#8221;][et_pb_text _builder_version=&#8221;4.16&#8243; header_font_size=&#8221;25px&#8221; header_2_font_size=&#8221;20px&#8221; global_colors_info=&#8221;{}&#8221;]<\/p>\n<h1>Politika varstva osebnih podatkov<\/h1>\n<p>&nbsp;<\/p>\n<p>V na\u0161i spletni trgovini spo\u0161tujemo va\u0161o zasebnost ter varujemo va\u0161e podatke.<\/p>\n<p>Poslujemo skladno z Zakonom o varstvu osebnih podatkov (ZVOP-1), od objave teh pravil pa tudi z Evropsko uredbo o varstvu osebnih podatkov (GDPR).<\/p>\n<p>Zavezujemo se, da bomo varovali zaupnost osebnih podatkov in zasebnost uporabnikov spletne trgovine. Zbrane osebne podatke uporabljamo izklju\u010dno za opravljanje storitev, ki jih ponujamo. Spo\u0161tujemo zaupnost osebnih podatkov in zasebnost uporabnikov spletne trgovine, zato bomo storili vse potrebno, da jih za\u0161\u010ditimo pred kakr\u0161nimikoli kr\u0161itvami in zlorabami. Osebni podatki uporabnikov so eno izmed podro\u010dij, kateremu posve\u010damo izredno skrb in pozornost, saj se zavedamo ob\u010dutljivosti narave tega podro\u010dja.<\/p>\n<p><strong>Upravljavec osebnih podatkov in kontaktni podatki<\/strong><\/p>\n<p>Ta politika velja za obdelavo (uporabo) katerihkoli osebnih podatkov, ki jih izvaja podjetje MONTEROSSO d.o.o. (upravljavec) ali, ki se izvaja v imenu upravljavca.<\/p>\n<p><strong>Podatki o upravljavcu:<\/strong><br \/> MONTEROSSO d.o.o.<br \/> Poljska pot 4<br \/> 1000 Ljubljana<\/p>\n<p>Dav\u010dna \u0161tevilka: SI38562723<br \/> Mati\u010dna \u0161tevilka: 6898947000<\/p>\n<p>Telefon: +386 41 303 701<br \/> E-po\u0161ta: trgovina@monterossoistra.com<\/p>\n<p><strong>Katere osebne podatke obdelujemo in jih zbiramo<\/strong><\/p>\n<p><strong>Osnovni kontaktni podatki (podatki o identiteti)<\/strong><\/p>\n<ul>\n<li>ime in priimek, telefonska \u0161tevilka, elektronski naslov; Podatki o identiteti poslovnih uporabnikov vklju\u010dujejo tudi naziv podjetja in dav\u010dno \u0161tevilko oziroma \u0161tevilko zavezanca za DDV.<\/li>\n<\/ul>\n<p><strong>Kontaktni podatki<\/strong><\/p>\n<ul>\n<li>naslov, po\u0161tna \u0161tevilka in kraj, dr\u017eava bivanja, naslov za izdajo ra\u010duna (\u010de je druga\u010den od kontaktnega podatka), telefonska \u0161tevilka in elektronski naslov<\/li>\n<\/ul>\n<p><strong>Podatki o naro\u010dilu in pla\u010dilu<\/strong><\/p>\n<ul>\n<li>hranimo vse podatke o va\u0161em naro\u010dilu in pla\u010dilu, vklju\u010dno s podatki o preklicanem naro\u010dilu in vrnitvah naro\u010dil<\/li>\n<\/ul>\n<p><strong>Druge podatke<\/strong><\/p>\n<ul>\n<li>ki jih uporabnik prostovoljno vnese v kontaktni obrazec ali naro\u010dilo v spletni trgovini<\/li>\n<\/ul>\n<p><strong>Tehni\u010dni podatki<\/strong><\/p>\n<ul>\n<li><span style=\"font-size: 15px;\">za zagotavljanje varnosti in dokazljivosti se zbirajo tudi IP naslovi, podatki o operacijskem sistemu, brskalniku, operacijskem sistemu, lokaciji va\u0161e naprave, vrsti naprave s katero dostopate na na\u0161o spletno stran in podobno<\/span><\/li>\n<\/ul>\n<ul>\n<li>Ob obisku preko pi\u0161kotkov z va\u0161o privolitvijo zbiramo tudi podatke za zagotavljanje bolj\u0161e funkcionalnosti in uporabni\u0161ke izku\u0161nje, varnosti, \u0161tetja \u0161tevila uporabnikov na spletnem mestu ter zagotavljanja nemotenega delovanja spletne strani. Posameznemu uporabniku je ob za\u010detku obiska dodeljen sejni pi\u0161kotek za identifikacijo in spremljanje. Spletna stran lahko na uporabnikov ra\u010dunalnik shrani tudi druge pi\u0161kotke, kot so identifikacijska \u0161tevilka uporabnika v \u0161ifrirani obliki (za prepoznavanje uporabnika ob naslednjem obisku) in pi\u0161kotki sistemov Google Analytics (analiza obiskov spletne strani). Sejni pi\u0161kotki se v pomnilnik stre\u017enika shranjujejo le za \u010das trajanja obiska in se izbri\u0161ejo po eni uri neaktivnosti, trajni pi\u0161kotki pa so ob va\u0161i privolitvi shranjeni na ra\u010dunalniku obiskovalca 2 leti, potem postanejo neaktivni.<\/li>\n<li>Za pravilnost, popolnost in a\u017eurnost podatkov, ki jih vnesejo uporabniki, ne odgovarjamo.<\/li>\n<\/ul>\n<p><strong>Pravne podlage za obdelavo osebnih podatkov<\/strong><\/p>\n<p>Va\u0161e osebne podatke lahko obdelujemo na naslednjih pravnih podlagah:<\/p>\n<ul>\n<li>kadar je to potrebno za izpolnitev na\u0161ih zakonskih obveznosti (npr. izdaja predra\u010duna ali ra\u010duna za naro\u010deno blago, za vodenje finan\u010dnih in poslovnih knjig)<\/li>\n<li>kadar ste za obdelavo svojih osebnih podatkov podali privolitev za obdelavo za posamezen namen obdelave, pri \u010demer imate vedno pravico, da dano privolitev prekli\u010dete<\/li>\n<li>vpra\u0161anja, ki nam jih posredujete preko na\u0161ih kontaktnih obrazcev na spletni strani ali e-naslovov, objavljenih na spletnem mestu, bomo uporabili izklju\u010dno za razre\u0161itev te\u017eave ali pripravo odgovora na vpra\u0161anje<\/li>\n<\/ul>\n<p><strong>Nameni obdelave osebnih podatkov<\/strong><\/p>\n<p>Potrebno je izrecno potrditi strinjanje in seznanitev s tem, da ste s tem, ko ste nam posredovali povpra\u0161evanje, pripombe ali vpra\u0161anje preko kontaktnega obrazca in vpisali svoje podatke izrazili strinjanje in zavedanje, da se bodo va\u0161i podatki (ime in priimek, elektronski naslov in telefonska \u0161tevilka) hranili za namen korektne komunikacije.<br \/> Va\u0161e osebne podatke lahko uporabljamo za enega ali ve\u010d navedenih namenov:<\/p>\n<ul>\n<li>komuniciranje z vami glede zagotavljanja na\u0161ih storitev ter odgovarjanja na va\u0161a povpra\u0161evanja in naro\u010dila<\/li>\n<li>sklenitev pogodbe in izpolnitev obveznosti, ki izhajajo iz sklenjene pogodbe<\/li>\n<li>za uveljavljanje kakr\u0161nihkoli pravnih zahtevkov in re\u0161evanje sporov<\/li>\n<li>za statisti\u010dne analize o uporabi na\u0161e spletne strani<\/li>\n<\/ul>\n<p><strong>Kako pridobivamo podatke<\/strong><\/p>\n<p>Podatke o vas pridobivamo na ve\u010d na\u010dinov, ko:<\/p>\n<ul>\n<li>po\u0161ljete povpra\u0161evanje<\/li>\n<li>oddate naro\u010dilo<\/li>\n<li>zahtevate predra\u010dun<\/li>\n<li>preklicete naro\u010dilo<\/li>\n<\/ul>\n<p>Tehni\u010dne podatke pridobivamo avtomati\u010dno.<\/p>\n<p>Google nam posreduje podatke, za katere ste jim to dovolili.<\/p>\n<p><strong>Kdo ima dostop do va\u0161ih osebnih podatkov<\/strong><\/p>\n<p>Poleg nas lahko va\u0161e osebne podatke uporabljajo tudi na\u0161i zaupanja vredni partnerji, ki jih potrebujemo pri izvedbi, skladno z veljavnim Zakonom o varstvu osebnih podatkov in Evropsko uredbo o varstvu osebnih podatkov:<\/p>\n<ul>\n<li>dostavnim slu\u017ebam posredujemo podatke, ki jih potrebujejo za prevoz in oddajo naro\u010dila<\/li>\n<li>v primeru, ko va\u0161e naro\u010dilo vklju\u010duje izdelke, ki so na zalogi pri dobavitelju, mu posredujemo podatke, ki jih potrebuje za pripravo po\u0161iljke z va\u0161im naslovom za dostavo in vsebino naro\u010dila<br \/> dobaviteljem in poobla\u0161cenim serviserjem, v kolikor reklamacije ali vpra\u0161anja, pri katerih potrebujemo njihovo sodelovanje, urejate preko nas<\/li>\n<li>poobla\u0161cenim ustanovam, \u010de tako zahteva zakon (sodi\u0161\u010de, ipd.)<\/li>\n<\/ul>\n<p><strong>Roki hrambe osebnih podatkov<\/strong><\/p>\n<p>Va\u0161e osebne podatke bomo hranili in obdelovali v obsegu, ki je potreben za uresni\u010devanje namenov obdelave in dokler bo to potrebno za zaklju\u010dek naro\u010denega blaga ter potem v okviru zastaralnih rokov za obveznosti, ki bi lahko izvirale iz obdelave teh osebnih podatkov.<br \/> Podatke, ki so pridobljeni na podlagi privolitve, hranimo do preklica.<br \/> Podatke o izdanih ra\u010dunih hranimo 10 let od izdaje.<br \/> V primerih, ko je rok hrambe osebnih podatkov zapovedan z zakonom, podatke hranimo v skladu z zakonsko zapovedjo.<\/p>\n<p><strong>Zagotavljanje varnosti<\/strong><\/p>\n<p>Na na\u0161ih spletnih straneh uporabljamo ve\u010d varnostno-za\u0161\u010ditnih sistemov, ki zagotavljajo ustrezno za\u0161\u010dito pred izgubo, razkritjem, ne\u017eeljenim spreminjanjem ali zlorabo podatkov. Za prenose vseh osebnih podatkov uporabljamo tehnologijo SSL (Secure Socket Layer), ki omogoca potrebno za\u0161\u010dito pri prenosu podatkov, kar zagotavlja varnost na\u0161ih strank, medtem, ko podatki potujejo v bazo.<\/p>\n<p>Dostop do zbranih osebnih podatkov imajo le poobla\u0161\u010dene osebe (pogodbeni partnerji).<\/p>\n<p>Prosimo, da nam pri varovanju va\u0161ih osebnih podatkov pomagate tako, da tudi sami poskrbite za varnost va\u0161ega uporabni\u0161kega imena in gesla.<\/p>\n<p><strong>Pi\u0161kotki<\/strong><\/p>\n<p>Pi\u0161kotki so besedilne datoteke, ki jih na va\u0161 ra\u010dunalnik nalo\u017ei spletni stre\u017enik in ne vsebujejo nobenih podatkov s katerimi bi lahko ugotovili va\u0161o identiteto. S pomo\u010djo le teh stre\u017enik ve, da ste se vrnili na spletno stran, kar lahko izkoristimo za prilagoditev spletnega mesta uporabniku.<br \/> \u010ce ne \u017eelite imeti na\u0161ih pi\u0161kotkov na va\u0161em ra\u010dunalniku, ne pozabite, da je shranjevanje pi\u0161kotkov pod popolnim nadzorom va\u0161ega brskalnika. Z izbiro ustreznih opcij v va\u0161em brskalniku lahko shranjevanje pi\u0161kotkov po \u017eelji kadarkoli omejite ali onemogo\u010dite, pi\u0161kotke na va\u0161i napravi pa lahko kadarkoli trajno zbri\u0161ete.<\/p>\n<p><strong>Google fonts<\/strong><\/p>\n<p>Na na\u0161i spletni strani uporabljamo Google Fonts podjetja Google (1600 Amphitheater Parkway Mountain View, CA 94043, ZDA). Google Fonts se uporabljajo brez preverjanja pristnosti in v brskalnik API Google Fonts niso poslani pi\u0161kotki. V primeru, da imate svoj Google ra\u010dun, med uporabo Google Fonts va\u0161i podatki Googlu ne bodo posredovani. Google zapisuje samo uporabo CSS in uporabljenih pisav ter te podatke varno shranjuje. Ve\u010d o teh in drugih vpra\u0161anjih je na voljo na <a href=\"https:\/\/developers.google.com\/fonts\/faq\">https:\/\/developers.google.com\/fonts\/faq<\/a>. Katere podatke Google zbira in kako te informacije uporablja, si lahko preberete na <a href=\"https:\/\/policies.google.com\/privacy?hl=sl\">https:\/\/policies.google.com\/privacy?hl=sl<\/a>.<\/p>\n<p><strong>Va\u0161e pravice<\/strong><\/p>\n<p>Na\u0161im naro\u010dnikom in uporabnikom zagotavljamo vso podporo pri uresni\u010devanju pravic, ki jih navajamo v nadaljevanju:<\/p>\n<ul>\n<li>na tej strani vas v celoti seznanjamo s tem, kako uporabljamo va\u0161e osebne podatke<\/li>\n<li>v dolo\u010denih primerih lahko uveljavite tudi pravico do izbrisa va\u0161ih osebnih podatkov; \u010ce pa ste pri nas naro\u010devali, prosimo, da upo\u0161tevate, da moramo va\u0161e podatke hraniti skladno z zakonodajo<\/li>\n<li>v dolo\u010denih primerih lahko zahtevate za\u010dasno ali trajno prepoved nadaljne obdelave va\u0161ih osebnih podatkov v celoti ali delno<\/li>\n<li>na va\u0161o zahtevo vam bomo va\u0161e osebne podatke posredovali zbrane v elektronski obliki<\/li>\n<\/ul>\n<p>Imate pravico do informacij o va\u0161ih osebnih podatkih, s katerimi razpolagamo, kot tudi pravico do izbrisa teh podatkov. \u010ce imate vpra\u0161anja glede izbrisa, predelave ali uporabe va\u0161ih podatkov, nam pi\u0161ite na na\u0161 elektronski naslov ali nam po\u0161ljite zahtevek po po\u0161ti na na\u0161 naslov.<br \/> Na va\u0161o zahtevo s katero uveljavljate svoje pravice v zvezi z osebnimi podatki, moramo odgovoriti brez nepotrebnega odla\u0161anja in najpozneje v enem mesecu od prejema va\u0161e zahteve.<\/p>\n<p>Vsaka sprememba na\u0161e politike o varovanju osebnih podatkov bo objavljena na tem spletnem mestu.<\/p>\n<p>[\/et_pb_text][\/et_pb_column][\/et_pb_row][\/et_pb_section]<\/p>\n","protected":false},"excerpt":{"rendered":"<p>Politika varstva osebnih podatkov &nbsp; V na\u0161i spletni trgovini spo\u0161tujemo va\u0161o zasebnost ter varujemo va\u0161e podatke. Poslujemo skladno z Zakonom o varstvu osebnih podatkov (ZVOP-1), od objave teh pravil pa [&hellip;]<\/p>\n","protected":false},"author":1,"featured_media":0,"parent":0,"menu_order":0,"comment_status":"closed","ping_status":"open","template":"","meta":{"_seopress_robots_primary_cat":"","_seopress_titles_title":"","_seopress_titles_desc":"","_seopress_robots_index":"","_et_pb_use_builder":"on","_et_pb_old_content":"<!-- wp:heading -->\n<h2>Who we are<\/h2>\n<!-- \/wp:heading -->\n\n<!-- wp:paragraph -->\n<p>Our website address is: https:\/\/monterossoistra.com.<\/p>\n<!-- \/wp:paragraph -->\n\n<!-- wp:heading -->\n<h2>What personal data we collect and why we collect it<\/h2>\n<!-- \/wp:heading -->\n\n<!-- wp:heading {\"level\":3} -->\n<h3>Comments<\/h3>\n<!-- \/wp:heading -->\n\n<!-- wp:paragraph -->\n<p>When visitors leave comments on the site we collect the data shown in the comments form, and also the visitor\u2019s IP address and browser user agent string to help spam detection.<\/p>\n<!-- \/wp:paragraph -->\n\n<!-- wp:paragraph -->\n<p>An anonymized string created from your email address (also called a hash) may be provided to the Gravatar service to see if you are using it. The Gravatar service privacy policy is available here: https:\/\/automattic.com\/privacy\/. After approval of your comment, your profile picture is visible to the public in the context of your comment.<\/p>\n<!-- \/wp:paragraph -->\n\n<!-- wp:heading {\"level\":3} -->\n<h3>Media<\/h3>\n<!-- \/wp:heading -->\n\n<!-- wp:paragraph -->\n<p>If you upload images to the website, you should avoid uploading images with embedded location data (EXIF GPS) included. Visitors to the website can download and extract any location data from images on the website.<\/p>\n<!-- \/wp:paragraph -->\n\n<!-- wp:heading {\"level\":3} -->\n<h3>Contact forms<\/h3>\n<!-- \/wp:heading -->\n\n<!-- wp:heading {\"level\":3} -->\n<h3>Cookies<\/h3>\n<!-- \/wp:heading -->\n\n<!-- wp:paragraph -->\n<p>If you leave a comment on our site you may opt-in to saving your name, email address and website in cookies. These are for your convenience so that you do not have to fill in your details again when you leave another comment. These cookies will last for one year.<\/p>\n<!-- \/wp:paragraph -->\n\n<!-- wp:paragraph -->\n<p>If you have an account and you log in to this site, we will set a temporary cookie to determine if your browser accepts cookies. This cookie contains no personal data and is discarded when you close your browser.<\/p>\n<!-- \/wp:paragraph -->\n\n<!-- wp:paragraph -->\n<p>When you log in, we will also set up several cookies to save your login information and your screen display choices. Login cookies last for two days, and screen options cookies last for a year. If you select \"Remember Me\", your login will persist for two weeks. If you log out of your account, the login cookies will be removed.<\/p>\n<!-- \/wp:paragraph -->\n\n<!-- wp:paragraph -->\n<p>If you edit or publish an article, an additional cookie will be saved in your browser. This cookie includes no personal data and simply indicates the post ID of the article you just edited. It expires after 1 day.<\/p>\n<!-- \/wp:paragraph -->\n\n<!-- wp:heading {\"level\":3} -->\n<h3>Embedded content from other websites<\/h3>\n<!-- \/wp:heading -->\n\n<!-- wp:paragraph -->\n<p>Articles on this site may include embedded content (e.g. videos, images, articles, etc.). Embedded content from other websites behaves in the exact same way as if the visitor has visited the other website.<\/p>\n<!-- \/wp:paragraph -->\n\n<!-- wp:paragraph -->\n<p>These websites may collect data about you, use cookies, embed additional third-party tracking, and monitor your interaction with that embedded content, including tracking your interaction with the embedded content if you have an account and are logged in to that website.<\/p>\n<!-- \/wp:paragraph -->\n\n<!-- wp:heading {\"level\":3} -->\n<h3>Analytics<\/h3>\n<!-- \/wp:heading -->\n\n<!-- wp:heading -->\n<h2>Who we share your data with<\/h2>\n<!-- \/wp:heading -->\n\n<!-- wp:heading -->\n<h2>How long we retain your data<\/h2>\n<!-- \/wp:heading -->\n\n<!-- wp:paragraph -->\n<p>If you leave a comment, the comment and its metadata are retained indefinitely. This is so we can recognize and approve any follow-up comments automatically instead of holding them in a moderation queue.<\/p>\n<!-- \/wp:paragraph -->\n\n<!-- wp:paragraph -->\n<p>For users that register on our website (if any), we also store the personal information they provide in their user profile. All users can see, edit, or delete their personal information at any time (except they cannot change their username). Website administrators can also see and edit that information.<\/p>\n<!-- \/wp:paragraph -->\n\n<!-- wp:heading -->\n<h2>What rights you have over your data<\/h2>\n<!-- \/wp:heading -->\n\n<!-- wp:paragraph -->\n<p>If you have an account on this site, or have left comments, you can request to receive an exported file of the personal data we hold about you, including any data you have provided to us. You can also request that we erase any personal data we hold about you. This does not include any data we are obliged to keep for administrative, legal, or security purposes.<\/p>\n<!-- \/wp:paragraph -->\n\n<!-- wp:heading -->\n<h2>Where we send your data<\/h2>\n<!-- \/wp:heading -->\n\n<!-- wp:paragraph -->\n<p>Visitor comments may be checked through an automated spam detection service.<\/p>\n<!-- \/wp:paragraph -->\n\n<!-- wp:heading -->\n<h2>Your contact information<\/h2>\n<!-- \/wp:heading -->\n\n<!-- wp:heading -->\n<h2>Additional information<\/h2>\n<!-- \/wp:heading -->\n\n<!-- wp:heading {\"level\":3} -->\n<h3>How we protect your data<\/h3>\n<!-- \/wp:heading -->\n\n<!-- wp:heading {\"level\":3} -->\n<h3>What data breach procedures we have in place<\/h3>\n<!-- \/wp:heading -->\n\n<!-- wp:heading {\"level\":3} -->\n<h3>What third parties we receive data from<\/h3>\n<!-- \/wp:heading -->\n\n<!-- wp:heading {\"level\":3} -->\n<h3>What automated decision making and\/or profiling we do with user data<\/h3>\n<!-- \/wp:heading -->\n\n<!-- wp:heading {\"level\":3} -->\n<h3>Industry regulatory disclosure requirements<\/h3>\n<!-- \/wp:heading -->","_et_gb_content_width":"","footnotes":""},"class_list":["post-3","page","type-page","status-publish","hentry"],"_links":{"self":[{"href":"https:\/\/monterossoistra.com\/sl\/wp-json\/wp\/v2\/pages\/3","targetHints":{"allow":["GET"]}}],"collection":[{"href":"https:\/\/monterossoistra.com\/sl\/wp-json\/wp\/v2\/pages"}],"about":[{"href":"https:\/\/monterossoistra.com\/sl\/wp-json\/wp\/v2\/types\/page"}],"author":[{"embeddable":true,"href":"https:\/\/monterossoistra.com\/sl\/wp-json\/wp\/v2\/users\/1"}],"replies":[{"embeddable":true,"href":"https:\/\/monterossoistra.com\/sl\/wp-json\/wp\/v2\/comments?post=3"}],"version-history":[{"count":3,"href":"https:\/\/monterossoistra.com\/sl\/wp-json\/wp\/v2\/pages\/3\/revisions"}],"predecessor-version":[{"id":391214,"href":"https:\/\/monterossoistra.com\/sl\/wp-json\/wp\/v2\/pages\/3\/revisions\/391214"}],"wp:attachment":[{"href":"https:\/\/monterossoistra.com\/sl\/wp-json\/wp\/v2\/media?parent=3"}],"curies":[{"name":"wp","href":"https:\/\/api.w.org\/{rel}","templated":true}]}}