{"id":388748,"date":"2020-04-26T13:10:04","date_gmt":"2020-04-26T11:10:04","guid":{"rendered":"https:\/\/monterossoistra.com\/nekategorizirano\/monte-rosso-nerone-2016-3l-v-leseni-skatli\/"},"modified":"2026-02-18T14:40:25","modified_gmt":"2026-02-18T13:40:25","slug":"monte-rosso-nerone-2016-3l-v-leseni-skatli","status":"publish","type":"product","link":"https:\/\/monterossoistra.com\/sl\/darilni-program\/monte-rosso-nerone-2016-3l-v-leseni-skatli\/","title":{"rendered":"Monterosso Nerone 3l rde\u010de vino iz sorte montepulciano v leseni \u0161katli"},"content":{"rendered":"<p>Montepulciano je rubinasto rde\u010de barve z vijoli\u010dnim odsevom, \u017elahtno aromo in harmoni\u010dnim okusom. Iz dru\u017eine Monterosso vin ima Nerone bogato aromo vi\u0161nje z izrazitimi notami jagodi\u010devja, med katerimi prevladujeta malina in divja robida. Harmonija sve\u017eine in elegantnega okusa je prepoznavna zna\u010dilnost tega vina srednjega telesa z ne\u017enimi tanini ter zaokro\u017eenim pookusom.<\/p>\n","protected":false},"excerpt":{"rendered":"<div class=\"et_pb_module et_pb_text et_pb_text_0_tb_body et_pb_text_align_left et_pb_bg_layout_light\">\n<div class=\"et_pb_text_inner\">Elegantno in harmoni\u010dno rde\u010de vino, srednjega telesa iz sorte Montepulciano iz ro\u010dno obranega grozdja z lastnega posestva.<\/div>\n<\/div>\n","protected":false},"featured_media":388749,"template":"","meta":{"_seopress_robots_primary_cat":"none","_seopress_titles_title":"","_seopress_titles_desc":"","_seopress_robots_index":"","_et_pb_use_builder":"","_et_pb_old_content":"","_et_gb_content_width":""},"product_brand":[],"product_cat":[40,22],"product_tag":[],"class_list":{"0":"post-388748","1":"product","2":"type-product","3":"status-publish","4":"has-post-thumbnail","6":"product_cat-darilni-program","7":"product_cat-vina-zganje","9":"first","10":"instock","11":"taxable","12":"shipping-taxable","13":"purchasable","14":"product-type-simple"},"_links":{"self":[{"href":"https:\/\/monterossoistra.com\/sl\/wp-json\/wp\/v2\/product\/388748","targetHints":{"allow":["GET"]}}],"collection":[{"href":"https:\/\/monterossoistra.com\/sl\/wp-json\/wp\/v2\/product"}],"about":[{"href":"https:\/\/monterossoistra.com\/sl\/wp-json\/wp\/v2\/types\/product"}],"wp:featuredmedia":[{"embeddable":true,"href":"https:\/\/monterossoistra.com\/sl\/wp-json\/wp\/v2\/media\/388749"}],"wp:attachment":[{"href":"https:\/\/monterossoistra.com\/sl\/wp-json\/wp\/v2\/media?parent=388748"}],"wp:term":[{"taxonomy":"product_brand","embeddable":true,"href":"https:\/\/monterossoistra.com\/sl\/wp-json\/wp\/v2\/product_brand?post=388748"},{"taxonomy":"product_cat","embeddable":true,"href":"https:\/\/monterossoistra.com\/sl\/wp-json\/wp\/v2\/product_cat?post=388748"},{"taxonomy":"product_tag","embeddable":true,"href":"https:\/\/monterossoistra.com\/sl\/wp-json\/wp\/v2\/product_tag?post=388748"}],"curies":[{"name":"wp","href":"https:\/\/api.w.org\/{rel}","templated":true}]}}