{"id":388898,"date":"2020-04-26T13:10:01","date_gmt":"2020-04-26T11:10:01","guid":{"rendered":"https:\/\/monterossoistra.com\/nekategorizirano\/monterosso-sadni-namaz-breskev-390g\/"},"modified":"2025-03-29T14:48:02","modified_gmt":"2025-03-29T13:48:02","slug":"monterosso-sadni-namaz-breskev-390g","status":"publish","type":"product","link":"https:\/\/monterossoistra.com\/sl\/sadni-namazi\/monterosso-sadni-namaz-breskev-390g\/","title":{"rendered":"Monterosso Sadni namaz &#8211; breskev 390g"},"content":{"rendered":"<p>Sadni namaz vsebuje vsaj 70% sadni dele\u017e in ima zelo intenziven okus ter ne\u017eno strukturo. Primeren je kot dodatek razli\u010dnim jedem npr. sladicam, sladoledom, za pala\u010dinke, kot tortni namaz, za smutije, pripravo koktajlov, kot namaz za na kruh ipd.<\/p>\n","protected":false},"excerpt":{"rendered":"<p>Sadni namaz iz breskev, vsaj 70% sadni dele\u017e.<\/p>\n","protected":false},"featured_media":388899,"template":"","meta":{"_seopress_robots_primary_cat":"none","_seopress_titles_title":"","_seopress_titles_desc":"","_seopress_robots_index":"","_et_pb_use_builder":"","_et_pb_old_content":"","_et_gb_content_width":""},"product_brand":[],"product_cat":[38],"product_tag":[],"class_list":{"0":"post-388898","1":"product","2":"type-product","3":"status-publish","4":"has-post-thumbnail","6":"product_cat-sadni-namazi","8":"first","9":"instock","10":"taxable","11":"shipping-taxable","12":"purchasable","13":"product-type-simple"},"_links":{"self":[{"href":"https:\/\/monterossoistra.com\/sl\/wp-json\/wp\/v2\/product\/388898","targetHints":{"allow":["GET"]}}],"collection":[{"href":"https:\/\/monterossoistra.com\/sl\/wp-json\/wp\/v2\/product"}],"about":[{"href":"https:\/\/monterossoistra.com\/sl\/wp-json\/wp\/v2\/types\/product"}],"wp:featuredmedia":[{"embeddable":true,"href":"https:\/\/monterossoistra.com\/sl\/wp-json\/wp\/v2\/media\/388899"}],"wp:attachment":[{"href":"https:\/\/monterossoistra.com\/sl\/wp-json\/wp\/v2\/media?parent=388898"}],"wp:term":[{"taxonomy":"product_brand","embeddable":true,"href":"https:\/\/monterossoistra.com\/sl\/wp-json\/wp\/v2\/product_brand?post=388898"},{"taxonomy":"product_cat","embeddable":true,"href":"https:\/\/monterossoistra.com\/sl\/wp-json\/wp\/v2\/product_cat?post=388898"},{"taxonomy":"product_tag","embeddable":true,"href":"https:\/\/monterossoistra.com\/sl\/wp-json\/wp\/v2\/product_tag?post=388898"}],"curies":[{"name":"wp","href":"https:\/\/api.w.org\/{rel}","templated":true}]}}