{"id":389057,"date":"2020-04-29T11:11:05","date_gmt":"2020-04-29T09:11:05","guid":{"rendered":"https:\/\/monterossoistra.com\/nekategorizirano\/monterosso-malvazija-2019-075l-v-darilni-embalazi\/"},"modified":"2026-03-22T11:38:37","modified_gmt":"2026-03-22T10:38:37","slug":"monterosso-malvazija-2019-075l-v-darilni-embalazi","status":"publish","type":"product","link":"https:\/\/monterossoistra.com\/sl\/darilni-program\/monterosso-malvazija-2019-075l-v-darilni-embalazi\/","title":{"rendered":"Monterosso Malvazija 0,75l belo vino v darilni embala\u017ei"},"content":{"rendered":"<p>To vino je kristalno rumene barve s pridihom sve\u017eih odtenkov zelene. Prepoznavni znak Malvazije iz hi\u0161e Monterosso je preplet igrive sve\u017eine z elegantno mineralnostjo, ki pre\u017eemata aromo in paleto tega lahkega suhega vina, narejenega izklju\u010dno iz trte istrska malvazija. Bogata aroma, katere skladno harmonijo sestavljajo cvetli\u010dne note akacije, obdane s citrusnimi notami nektarininih in pomaran\u010dnnih lupin, je lepo zaokro\u017eena s pridihom sve\u017ee hru\u0161ke in kan\u010dkom mete. Suho vino srednjega telesa zdru\u017euje sve\u017eino \u010diste malvazije z bogato a umirjeno mineralnostjo istrske prsti v prijetno in elegantno sadno paleto, ki se zaklju\u010di s pookusom rahlo grenkega mandlja. Izvrstno dopolni jedi mediteranske kuhinje, predvsem iz belih rib in lahkega belega mesa s sve\u017eimi zelenjavnimi prilogami.<\/p>\n","protected":false},"excerpt":{"rendered":"<div class=\"et_pb_module et_pb_text et_pb_text_0_tb_body et_pb_text_align_left et_pb_bg_layout_light\">\n<div class=\"et_pb_text_inner\">Malvazija iz grozdja obranega na lastnem, istrskem posestvu<\/div>\n<\/div>\n","protected":false},"featured_media":389058,"template":"","meta":{"_seopress_robots_primary_cat":"none","_seopress_titles_title":"","_seopress_titles_desc":"","_seopress_robots_index":"","_et_pb_use_builder":"","_et_pb_old_content":"","_et_gb_content_width":""},"product_brand":[],"product_cat":[40],"product_tag":[],"class_list":{"0":"post-389057","1":"product","2":"type-product","3":"status-publish","4":"has-post-thumbnail","6":"product_cat-darilni-program","8":"first","9":"instock","10":"taxable","11":"shipping-taxable","12":"purchasable","13":"product-type-simple"},"_links":{"self":[{"href":"https:\/\/monterossoistra.com\/sl\/wp-json\/wp\/v2\/product\/389057","targetHints":{"allow":["GET"]}}],"collection":[{"href":"https:\/\/monterossoistra.com\/sl\/wp-json\/wp\/v2\/product"}],"about":[{"href":"https:\/\/monterossoistra.com\/sl\/wp-json\/wp\/v2\/types\/product"}],"wp:featuredmedia":[{"embeddable":true,"href":"https:\/\/monterossoistra.com\/sl\/wp-json\/wp\/v2\/media\/389058"}],"wp:attachment":[{"href":"https:\/\/monterossoistra.com\/sl\/wp-json\/wp\/v2\/media?parent=389057"}],"wp:term":[{"taxonomy":"product_brand","embeddable":true,"href":"https:\/\/monterossoistra.com\/sl\/wp-json\/wp\/v2\/product_brand?post=389057"},{"taxonomy":"product_cat","embeddable":true,"href":"https:\/\/monterossoistra.com\/sl\/wp-json\/wp\/v2\/product_cat?post=389057"},{"taxonomy":"product_tag","embeddable":true,"href":"https:\/\/monterossoistra.com\/sl\/wp-json\/wp\/v2\/product_tag?post=389057"}],"curies":[{"name":"wp","href":"https:\/\/api.w.org\/{rel}","templated":true}]}}