{"id":389075,"date":"2020-04-29T11:13:51","date_gmt":"2020-04-29T09:13:51","guid":{"rendered":"https:\/\/monterossoistra.com\/nekategorizirano\/monterosso-monteclassico-brut-nature-dosage-zero-075l-v-darilni-embalazi\/"},"modified":"2026-02-19T11:32:15","modified_gmt":"2026-02-19T10:32:15","slug":"monterosso-monteclassico-brut-nature-dosage-zero-075l-v-darilni-embalazi","status":"publish","type":"product","link":"https:\/\/monterossoistra.com\/sl\/darilni-program\/monterosso-monteclassico-brut-nature-dosage-zero-075l-v-darilni-embalazi\/","title":{"rendered":"Monterosso Monteclassico penina Brut Nature Dosage Z\u00e9ro 0,75l v darilni embala\u017ei"},"content":{"rendered":"<p>Vino ble\u0161\u010de\u010de zlate barve z elegantnim zelenim odtenkom, polno drobnih kristalnih mehur\u010dkov. Monteclassico je najbolj elegantno vino posestva Monte Rosso. Ima bogato sadno aromo, v kateri se skladno prepletajo note rde\u010de pomaran\u010de in limetine lupine z notami zelenega jabolka in zelene slive. Vse skupaj harmoni\u010dno dopolni masleni vonj sve\u017ee pe\u010denih roglji\u010dkov. Vino, narejeno po klasi\u010dni metodi, je izjemno suho, kar mu skupaj s skladnim srednjim telesom in prijetno mineralnostjo podarja eleganco brez primere. To bogato a umirjeno paleto skladno dopolnjuje pookus so\u010dne vinogradni\u0161ke breskve. Monteclassico je lahko tako odli\u010den aperitiv, kot tudi izvrsten spremljevalec izbranih morskih jedi in raznovrstnih sirov.<\/p>\n","protected":false},"excerpt":{"rendered":"<div class=\"et_pb_module et_pb_text et_pb_text_0_tb_body et_pb_text_align_left et_pb_bg_layout_light\">\n<div class=\"et_pb_text_inner\">Suha penina iz \u010diste malvazije<\/div>\n<\/div>\n","protected":false},"featured_media":389076,"template":"","meta":{"_seopress_robots_primary_cat":"none","_seopress_titles_title":"","_seopress_titles_desc":"","_seopress_robots_index":"","_et_pb_use_builder":"","_et_pb_old_content":"","_et_gb_content_width":""},"product_brand":[],"product_cat":[40],"product_tag":[],"class_list":{"0":"post-389075","1":"product","2":"type-product","3":"status-publish","4":"has-post-thumbnail","6":"product_cat-darilni-program","8":"first","9":"instock","10":"taxable","11":"shipping-taxable","12":"purchasable","13":"product-type-simple"},"_links":{"self":[{"href":"https:\/\/monterossoistra.com\/sl\/wp-json\/wp\/v2\/product\/389075","targetHints":{"allow":["GET"]}}],"collection":[{"href":"https:\/\/monterossoistra.com\/sl\/wp-json\/wp\/v2\/product"}],"about":[{"href":"https:\/\/monterossoistra.com\/sl\/wp-json\/wp\/v2\/types\/product"}],"wp:featuredmedia":[{"embeddable":true,"href":"https:\/\/monterossoistra.com\/sl\/wp-json\/wp\/v2\/media\/389076"}],"wp:attachment":[{"href":"https:\/\/monterossoistra.com\/sl\/wp-json\/wp\/v2\/media?parent=389075"}],"wp:term":[{"taxonomy":"product_brand","embeddable":true,"href":"https:\/\/monterossoistra.com\/sl\/wp-json\/wp\/v2\/product_brand?post=389075"},{"taxonomy":"product_cat","embeddable":true,"href":"https:\/\/monterossoistra.com\/sl\/wp-json\/wp\/v2\/product_cat?post=389075"},{"taxonomy":"product_tag","embeddable":true,"href":"https:\/\/monterossoistra.com\/sl\/wp-json\/wp\/v2\/product_tag?post=389075"}],"curies":[{"name":"wp","href":"https:\/\/api.w.org\/{rel}","templated":true}]}}