{"id":389159,"date":"2020-06-07T14:46:00","date_gmt":"2020-06-07T12:46:00","guid":{"rendered":"https:\/\/monterossoistra.com\/nekategorizirano\/kante-vitovska-2017-075-belo-vino\/"},"modified":"2025-11-27T09:49:18","modified_gmt":"2025-11-27T08:49:18","slug":"kante-vitovska-2017-075-belo-vino","status":"publish","type":"product","link":"https:\/\/monterossoistra.com\/sl\/vina-zganje\/kante-vitovska-2017-075-belo-vino\/","title":{"rendered":"Kante Vitovska 0,75l belo vino"},"content":{"rendered":"<p>Vitovska velja za kraljico kra\u0161kega vinogradni\u0161tva. Vino tudi na videz ohranja svojo ne\u017enost in eleganco s \u010dudovito slamnato rumeno barvo. Sadne in cvetne di\u0161ave se dopolnjujejo z morskimi vonjavami. V ustih je vino mineralno, rahlo balzami\u010dno in sve\u017ee.<\/p>\n<p>&nbsp;<\/p>\n","protected":false},"excerpt":{"rendered":"<p>Vitovska velja za kraljico kra\u0161kega vinogradni\u0161tva. Sadne in cvetne di\u0161ave, ki se dopolnjujejo z morskimi vonji. V ustih je vino mineralno, rahlo balzami\u010dno in sve\u017ee.<\/p>\n","protected":false},"featured_media":389160,"template":"","meta":{"_seopress_robots_primary_cat":"none","_seopress_titles_title":"","_seopress_titles_desc":"","_seopress_robots_index":"","_et_pb_use_builder":"","_et_pb_old_content":"","_et_gb_content_width":""},"product_brand":[],"product_cat":[22],"product_tag":[],"class_list":{"0":"post-389159","1":"product","2":"type-product","3":"status-publish","4":"has-post-thumbnail","6":"product_cat-vina-zganje","8":"first","9":"instock","10":"taxable","11":"shipping-taxable","12":"purchasable","13":"product-type-simple"},"_links":{"self":[{"href":"https:\/\/monterossoistra.com\/sl\/wp-json\/wp\/v2\/product\/389159","targetHints":{"allow":["GET"]}}],"collection":[{"href":"https:\/\/monterossoistra.com\/sl\/wp-json\/wp\/v2\/product"}],"about":[{"href":"https:\/\/monterossoistra.com\/sl\/wp-json\/wp\/v2\/types\/product"}],"wp:featuredmedia":[{"embeddable":true,"href":"https:\/\/monterossoistra.com\/sl\/wp-json\/wp\/v2\/media\/389160"}],"wp:attachment":[{"href":"https:\/\/monterossoistra.com\/sl\/wp-json\/wp\/v2\/media?parent=389159"}],"wp:term":[{"taxonomy":"product_brand","embeddable":true,"href":"https:\/\/monterossoistra.com\/sl\/wp-json\/wp\/v2\/product_brand?post=389159"},{"taxonomy":"product_cat","embeddable":true,"href":"https:\/\/monterossoistra.com\/sl\/wp-json\/wp\/v2\/product_cat?post=389159"},{"taxonomy":"product_tag","embeddable":true,"href":"https:\/\/monterossoistra.com\/sl\/wp-json\/wp\/v2\/product_tag?post=389159"}],"curies":[{"name":"wp","href":"https:\/\/api.w.org\/{rel}","templated":true}]}}