{"id":389202,"date":"2020-12-17T18:49:16","date_gmt":"2020-12-17T17:49:16","guid":{"rendered":"https:\/\/monterossoistra.com\/nekategorizirano\/monterosso-monteclassico-penina-brut-nature-dosage-zero-075l-kopija\/"},"modified":"2026-03-05T07:40:16","modified_gmt":"2026-03-05T06:40:16","slug":"monterosso-monteclassico-penina-brut-nature-dosage-zero-075l-kopija","status":"publish","type":"product","link":"https:\/\/monterossoistra.com\/sl\/vina-zganje\/monterosso-monteclassico-penina-brut-nature-dosage-zero-075l-kopija\/","title":{"rendered":"Monterosso Monteclassico Ros\u00e9 penina Brut Nature Dosage Z\u00e9ro 0,75l"},"content":{"rendered":"<p>Pene\u010de vino, Monteclassico Ros\u00e9 iz grozdja montepulciano. Vino je ble\u0161\u010de\u010de ro\u017enate barve z elegantnimi drobnimi mehur\u010dki. Monteclassico ros\u00e9 je najbolj prefinjeno vino posestva Monte Rosso. Ima bogato sadno aromo, ki jo harmoni\u010dno dopolni masleni vonj sve\u017ee pe\u010denih roglji\u010dkov. Vino, narejeno po klasi\u010dni metodi, je izjemno suho, kar mu skupaj s skladnim srednjim telesom in prijetno mineralnostjo podarja eleganco brez primere. Monteclassico ros\u00e9 je lahko odli\u010den aperitiv, kot tudi izvrsten spremljevalec raznovrstnih jedi.<\/p>\n","protected":false},"excerpt":{"rendered":"<p>Suha penina iz lastnega grozdja sorte Montepulciano<\/p>\n<p>&nbsp;<\/p>\n","protected":false},"featured_media":389203,"template":"","meta":{"_seopress_robots_primary_cat":"none","_seopress_titles_title":"","_seopress_titles_desc":"","_seopress_robots_index":"","_et_pb_use_builder":"","_et_pb_old_content":"","_et_gb_content_width":""},"product_brand":[],"product_cat":[22],"product_tag":[],"class_list":{"0":"post-389202","1":"product","2":"type-product","3":"status-publish","4":"has-post-thumbnail","6":"product_cat-vina-zganje","8":"first","9":"instock","10":"taxable","11":"shipping-taxable","12":"purchasable","13":"product-type-simple"},"_links":{"self":[{"href":"https:\/\/monterossoistra.com\/sl\/wp-json\/wp\/v2\/product\/389202","targetHints":{"allow":["GET"]}}],"collection":[{"href":"https:\/\/monterossoistra.com\/sl\/wp-json\/wp\/v2\/product"}],"about":[{"href":"https:\/\/monterossoistra.com\/sl\/wp-json\/wp\/v2\/types\/product"}],"wp:featuredmedia":[{"embeddable":true,"href":"https:\/\/monterossoistra.com\/sl\/wp-json\/wp\/v2\/media\/389203"}],"wp:attachment":[{"href":"https:\/\/monterossoistra.com\/sl\/wp-json\/wp\/v2\/media?parent=389202"}],"wp:term":[{"taxonomy":"product_brand","embeddable":true,"href":"https:\/\/monterossoistra.com\/sl\/wp-json\/wp\/v2\/product_brand?post=389202"},{"taxonomy":"product_cat","embeddable":true,"href":"https:\/\/monterossoistra.com\/sl\/wp-json\/wp\/v2\/product_cat?post=389202"},{"taxonomy":"product_tag","embeddable":true,"href":"https:\/\/monterossoistra.com\/sl\/wp-json\/wp\/v2\/product_tag?post=389202"}],"curies":[{"name":"wp","href":"https:\/\/api.w.org\/{rel}","templated":true}]}}