{"id":389490,"date":"2021-03-10T14:22:29","date_gmt":"2021-03-10T13:22:29","guid":{"rendered":"https:\/\/monterossoistra.com\/nekategorizirano\/monterosso-monteclassico-rose-penina-brut-nature-dosage-15l-v-darilni-embalazi\/"},"modified":"2026-02-19T10:50:52","modified_gmt":"2026-02-19T09:50:52","slug":"monterosso-monteclassico-rose-penina-brut-nature-dosage-15l-v-darilni-embalazi","status":"publish","type":"product","link":"https:\/\/monterossoistra.com\/sl\/darilni-program\/monterosso-monteclassico-rose-penina-brut-nature-dosage-15l-v-darilni-embalazi\/","title":{"rendered":"Monterosso Monteclassico Ros\u00e9 penina Brut Nature Dosage 1,5l v darilni embala\u017ei"},"content":{"rendered":"<p>Pene\u010de vino Ros\u00e9, Brut Nature Dosage Z\u00e9ro, iz grozdja montepulciano. Vino je ble\u0161\u010de\u010de ro\u017enate barve z elegantnimi drobnimi mehur\u010dki. Monteclassico ros\u00e9 je najbolj prefinjeno vino posestva Monte Rosso. Ima bogato sadno aromo, ki jo harmoni\u010dno dopolni masleni vonj sve\u017ee pe\u010denih roglji\u010dkov. Vino, narejeno po klasi\u010dni metodi, je izjemno suho, kar mu skupaj s skladnim srednjim telesom in prijetno mineralnostjo podarja eleganco brez primere. Monteclassico ros\u00e9 je lahko odli\u010den aperitiv, kot tudi izvrsten spremljevalec raznovrstnih jedi.<\/p>\n","protected":false},"excerpt":{"rendered":"<div class=\"et_pb_module et_pb_text et_pb_text_0_tb_body et_pb_text_align_left et_pb_bg_layout_light\">\n<div class=\"et_pb_text_inner\">Suha penina iz Montepulciana.<\/div>\n<\/div>\n","protected":false},"featured_media":389496,"template":"","meta":{"_seopress_robots_primary_cat":"none","_seopress_titles_title":"","_seopress_titles_desc":"","_seopress_robots_index":"","_et_pb_use_builder":"","_et_pb_old_content":"","_et_gb_content_width":""},"product_brand":[],"product_cat":[40],"product_tag":[],"class_list":{"0":"post-389490","1":"product","2":"type-product","3":"status-publish","4":"has-post-thumbnail","6":"product_cat-darilni-program","8":"first","9":"instock","10":"taxable","11":"shipping-taxable","12":"purchasable","13":"product-type-simple"},"_links":{"self":[{"href":"https:\/\/monterossoistra.com\/sl\/wp-json\/wp\/v2\/product\/389490","targetHints":{"allow":["GET"]}}],"collection":[{"href":"https:\/\/monterossoistra.com\/sl\/wp-json\/wp\/v2\/product"}],"about":[{"href":"https:\/\/monterossoistra.com\/sl\/wp-json\/wp\/v2\/types\/product"}],"wp:featuredmedia":[{"embeddable":true,"href":"https:\/\/monterossoistra.com\/sl\/wp-json\/wp\/v2\/media\/389496"}],"wp:attachment":[{"href":"https:\/\/monterossoistra.com\/sl\/wp-json\/wp\/v2\/media?parent=389490"}],"wp:term":[{"taxonomy":"product_brand","embeddable":true,"href":"https:\/\/monterossoistra.com\/sl\/wp-json\/wp\/v2\/product_brand?post=389490"},{"taxonomy":"product_cat","embeddable":true,"href":"https:\/\/monterossoistra.com\/sl\/wp-json\/wp\/v2\/product_cat?post=389490"},{"taxonomy":"product_tag","embeddable":true,"href":"https:\/\/monterossoistra.com\/sl\/wp-json\/wp\/v2\/product_tag?post=389490"}],"curies":[{"name":"wp","href":"https:\/\/api.w.org\/{rel}","templated":true}]}}