{"id":389940,"date":"2023-05-16T13:08:34","date_gmt":"2023-05-16T11:08:34","guid":{"rendered":"https:\/\/monterossoistra.com\/nekategorizirano\/monterosso-casa-blend-075-l-ekstra-devisko-oljcno-olje\/"},"modified":"2026-02-28T20:09:35","modified_gmt":"2026-02-28T19:09:35","slug":"monterosso-casa-blend-075-l-ekstra-devisko-oljcno-olje","status":"publish","type":"product","link":"https:\/\/monterossoistra.com\/sl\/olja\/monterosso-casa-blend-075-l-ekstra-devisko-oljcno-olje\/","title":{"rendered":"Monterosso Casa Blend 0,75 l Ekstra devi\u0161ko olj\u010dno olje"},"content":{"rendered":"<div class=\"&quot;\">100% Ekstra devi\u0161ko olj\u010dno olje iz lastnega istrskega nasada. Stisnjeno v nekaj urah po obiranju. Je ne\u017enega okusa, pripravljeno iz ve\u010d razli\u010dnih sort oljk. Ne\u017ena aromatika je primerna tudi za tiste, ki imajo radi ne\u017ene okuse. Olje je primerno za pripravo jedi, tudi za toplotno obdelavo (kuhanje, pe\u010denje\u2026).<\/div>\n","protected":false},"excerpt":{"rendered":"<p>100% Ekstra devi\u0161ko olj\u010dno olje iz lastnega nasada<\/p>\n","protected":false},"featured_media":389966,"template":"","meta":{"_seopress_robots_primary_cat":"none","_seopress_titles_title":"","_seopress_titles_desc":"","_seopress_robots_index":"","_et_pb_use_builder":"","_et_pb_old_content":"","_et_gb_content_width":""},"product_brand":[],"product_cat":[24],"product_tag":[],"class_list":{"0":"post-389940","1":"product","2":"type-product","3":"status-publish","4":"has-post-thumbnail","6":"product_cat-olja","8":"first","9":"instock","10":"taxable","11":"shipping-taxable","12":"purchasable","13":"product-type-simple"},"_links":{"self":[{"href":"https:\/\/monterossoistra.com\/sl\/wp-json\/wp\/v2\/product\/389940","targetHints":{"allow":["GET"]}}],"collection":[{"href":"https:\/\/monterossoistra.com\/sl\/wp-json\/wp\/v2\/product"}],"about":[{"href":"https:\/\/monterossoistra.com\/sl\/wp-json\/wp\/v2\/types\/product"}],"wp:featuredmedia":[{"embeddable":true,"href":"https:\/\/monterossoistra.com\/sl\/wp-json\/wp\/v2\/media\/389966"}],"wp:attachment":[{"href":"https:\/\/monterossoistra.com\/sl\/wp-json\/wp\/v2\/media?parent=389940"}],"wp:term":[{"taxonomy":"product_brand","embeddable":true,"href":"https:\/\/monterossoistra.com\/sl\/wp-json\/wp\/v2\/product_brand?post=389940"},{"taxonomy":"product_cat","embeddable":true,"href":"https:\/\/monterossoistra.com\/sl\/wp-json\/wp\/v2\/product_cat?post=389940"},{"taxonomy":"product_tag","embeddable":true,"href":"https:\/\/monterossoistra.com\/sl\/wp-json\/wp\/v2\/product_tag?post=389940"}],"curies":[{"name":"wp","href":"https:\/\/api.w.org\/{rel}","templated":true}]}}