{"id":392062,"date":"2024-04-22T22:35:36","date_gmt":"2024-04-22T20:35:36","guid":{"rendered":"https:\/\/monterossoistra.com\/?post_type=product&#038;p=392062"},"modified":"2026-02-18T14:04:45","modified_gmt":"2026-02-18T13:04:45","slug":"monterosso-cesare-selection-075l-rdece-vino-blend","status":"publish","type":"product","link":"https:\/\/monterossoistra.com\/sl\/vina-zganje\/monterosso-cesare-selection-075l-rdece-vino-blend\/","title":{"rendered":"Monterosso Cesare Selection 0,75l rde\u010de vino, blend"},"content":{"rendered":"<p>\u00bbDrznimo si biti druga\u010dni,\u00ab je eno na\u0161ih gesel. Biti druga\u010den je dokaj enostavno. A biti druga\u010den in pokazati visoko kakovost pa je nekaj povsem drugega. Vinski profesionalci in poznavalci bodo le za kratek \u010das tolerirali prvo brez drugega.<\/p>\n<p>Cesare je drzen izdelek. \u017de nerone ni bil od muh &#8211; vsaj mi smo mnenja, da nam je uspelo, toda Cesare (Cezar), tako namiguje \u017ee ime, ima ambicijo stopiti \u0161e stopnico vi\u0161e.<\/p>\n<p>Cesare 2020 je srednje globoke rubinaste barve z granatnim odtenkom. Navkljub \u0161tirim letom zorenja, cvetica deluje mladostno. Je kompleksna, ponudi mediteranske za\u010dimbe, temno rde\u010de in \u010drno sadje, \u010de\u0161njo, vi\u0161njo, robido. Zgolj ne\u017ene note po dimu in prepe\u010dencu namignejo, da je vino zorelo v lesu.<\/p>\n","protected":false},"excerpt":{"rendered":"<div class=\"et_pb_module et_pb_text et_pb_text_0_tb_body et_pb_text_align_left et_pb_bg_layout_light\">\n<div class=\"et_pb_text_inner\">\n<p><strong>Cesare Selection <\/strong><\/p>\n<p>Enigmati\u010dno, samosvoje vino, ki ga te\u017eko umestimo. Cesare predstavlja novo paradigmo Mediterana. Je mladosten a kompleksen. Ponudi mediteranske za\u010dimbe, temno rde\u010de, \u010drno sadje\u2026 Ne\u017ene note po dimu in prepe\u010dencu namignejo, da je vino zorelo v lesu. Suho vino z zelo dobrim potencialom zorenja.<\/p>\n<\/div>\n<\/div>\n<div class=\"et_pb_module et_pb_text et_pb_text_0_tb_body et_pb_text_align_left et_pb_bg_layout_light\">\n<div class=\"et_pb_text_inner\"><\/div>\n<\/div>\n","protected":false},"featured_media":392201,"template":"","meta":{"_seopress_robots_primary_cat":"none","_seopress_titles_title":"","_seopress_titles_desc":"","_seopress_robots_index":"","_et_pb_use_builder":"","_et_pb_old_content":"","_et_gb_content_width":""},"product_brand":[],"product_cat":[22],"product_tag":[],"class_list":{"0":"post-392062","1":"product","2":"type-product","3":"status-publish","4":"has-post-thumbnail","6":"product_cat-vina-zganje","8":"first","9":"instock","10":"taxable","11":"shipping-taxable","12":"purchasable","13":"product-type-simple"},"_links":{"self":[{"href":"https:\/\/monterossoistra.com\/sl\/wp-json\/wp\/v2\/product\/392062","targetHints":{"allow":["GET"]}}],"collection":[{"href":"https:\/\/monterossoistra.com\/sl\/wp-json\/wp\/v2\/product"}],"about":[{"href":"https:\/\/monterossoistra.com\/sl\/wp-json\/wp\/v2\/types\/product"}],"wp:featuredmedia":[{"embeddable":true,"href":"https:\/\/monterossoistra.com\/sl\/wp-json\/wp\/v2\/media\/392201"}],"wp:attachment":[{"href":"https:\/\/monterossoistra.com\/sl\/wp-json\/wp\/v2\/media?parent=392062"}],"wp:term":[{"taxonomy":"product_brand","embeddable":true,"href":"https:\/\/monterossoistra.com\/sl\/wp-json\/wp\/v2\/product_brand?post=392062"},{"taxonomy":"product_cat","embeddable":true,"href":"https:\/\/monterossoistra.com\/sl\/wp-json\/wp\/v2\/product_cat?post=392062"},{"taxonomy":"product_tag","embeddable":true,"href":"https:\/\/monterossoistra.com\/sl\/wp-json\/wp\/v2\/product_tag?post=392062"}],"curies":[{"name":"wp","href":"https:\/\/api.w.org\/{rel}","templated":true}]}}