{"id":392128,"date":"2024-07-25T12:15:20","date_gmt":"2024-07-25T10:15:20","guid":{"rendered":"https:\/\/monterossoistra.com\/?post_type=product&#038;p=392128"},"modified":"2026-02-18T12:01:40","modified_gmt":"2026-02-18T11:01:40","slug":"monterosso-premium-05l-ekstra-devisko-oljcno-olje-2","status":"publish","type":"product","link":"https:\/\/monterossoistra.com\/sl\/olja\/monterosso-premium-05l-ekstra-devisko-oljcno-olje-2\/","title":{"rendered":"Monterosso Premium 0,5l Ekstra devi\u0161ko olj\u010dno olje"},"content":{"rendered":"<p>100% Ekstra devi\u0161ko olj\u010dno olje iz istrskega nasada Monte Rosso. Stisnjeno v nekaj urah po obiranju. Svetovno nagrajeno. Je zelo sadnega okusa, pripravljeno iz \u0161estih sort oljk (Istrska belica, Leccino, Pendolino, Maurino, Ascolana in Picholine). Olje je primerno za pripravo solat ali kot dodatek drugim jedem.<\/p>\n","protected":false},"excerpt":{"rendered":"<p>100% Ekstra devi\u0161ko olj\u010dno olje iz istrskega nasada Monte Rosso. Stisnjeno v nekaj urah po obiranju. Svetovno nagrajeno. Je zelo sadnega okusa, pripravljeno iz \u0161estih sort oljk (Istrska belica, Leccino, [&hellip;]<\/p>\n","protected":false},"featured_media":392134,"template":"","meta":{"_seopress_robots_primary_cat":"none","_seopress_titles_title":"","_seopress_titles_desc":"","_seopress_robots_index":"","_et_pb_use_builder":"","_et_pb_old_content":"","_et_gb_content_width":""},"product_brand":[],"product_cat":[24],"product_tag":[],"class_list":{"0":"post-392128","1":"product","2":"type-product","3":"status-publish","4":"has-post-thumbnail","6":"product_cat-olja","8":"first","9":"instock","10":"taxable","11":"shipping-taxable","12":"purchasable","13":"product-type-variable"},"_links":{"self":[{"href":"https:\/\/monterossoistra.com\/sl\/wp-json\/wp\/v2\/product\/392128","targetHints":{"allow":["GET"]}}],"collection":[{"href":"https:\/\/monterossoistra.com\/sl\/wp-json\/wp\/v2\/product"}],"about":[{"href":"https:\/\/monterossoistra.com\/sl\/wp-json\/wp\/v2\/types\/product"}],"wp:featuredmedia":[{"embeddable":true,"href":"https:\/\/monterossoistra.com\/sl\/wp-json\/wp\/v2\/media\/392134"}],"wp:attachment":[{"href":"https:\/\/monterossoistra.com\/sl\/wp-json\/wp\/v2\/media?parent=392128"}],"wp:term":[{"taxonomy":"product_brand","embeddable":true,"href":"https:\/\/monterossoistra.com\/sl\/wp-json\/wp\/v2\/product_brand?post=392128"},{"taxonomy":"product_cat","embeddable":true,"href":"https:\/\/monterossoistra.com\/sl\/wp-json\/wp\/v2\/product_cat?post=392128"},{"taxonomy":"product_tag","embeddable":true,"href":"https:\/\/monterossoistra.com\/sl\/wp-json\/wp\/v2\/product_tag?post=392128"}],"curies":[{"name":"wp","href":"https:\/\/api.w.org\/{rel}","templated":true}]}}