{"id":392142,"date":"2024-07-25T12:57:00","date_gmt":"2024-07-25T10:57:00","guid":{"rendered":"https:\/\/monterossoistra.com\/?post_type=product&#038;p=392142"},"modified":"2026-02-18T12:22:29","modified_gmt":"2026-02-18T11:22:29","slug":"monterosso-grand-selection-025l-ekstra-devisko-oljcno-olje-2","status":"publish","type":"product","link":"https:\/\/monterossoistra.com\/sl\/olja\/monterosso-grand-selection-025l-ekstra-devisko-oljcno-olje-2\/","title":{"rendered":"Monterosso Grand Selection 0,25l Ekstra devi\u0161ko olj\u010dno olje"},"content":{"rendered":"<p>100% Ekstra devi\u0161ko olj\u010dno olje iz lastnega istrskega nasada. Stisnjeno v nekaj urah po obiranju. Gre za izredno zgodnjo trgatev oljk iz najbolj\u0161ih leg. Olje se pona\u0161a z vitalnostjo mladih plodov iz katerih stisnjena esenca ponuja prav posebno aromatiko. Olje je primerno za zaklju\u010devanje gotovih jedi.<\/p>\n","protected":false},"excerpt":{"rendered":"<p>100% Ekstra devi\u0161ko olj\u010dno olje iz lastnega nasada. Svetovno nagrajeno.<\/p>\n","protected":false},"featured_media":392474,"template":"","meta":{"_seopress_robots_primary_cat":"none","_seopress_titles_title":"","_seopress_titles_desc":"","_seopress_robots_index":"","_et_pb_use_builder":"","_et_pb_old_content":"","_et_gb_content_width":""},"product_brand":[],"product_cat":[24],"product_tag":[],"class_list":{"0":"post-392142","1":"product","2":"type-product","3":"status-publish","4":"has-post-thumbnail","6":"product_cat-olja","8":"first","9":"instock","10":"taxable","11":"shipping-taxable","12":"purchasable","13":"product-type-variable"},"_links":{"self":[{"href":"https:\/\/monterossoistra.com\/sl\/wp-json\/wp\/v2\/product\/392142","targetHints":{"allow":["GET"]}}],"collection":[{"href":"https:\/\/monterossoistra.com\/sl\/wp-json\/wp\/v2\/product"}],"about":[{"href":"https:\/\/monterossoistra.com\/sl\/wp-json\/wp\/v2\/types\/product"}],"wp:featuredmedia":[{"embeddable":true,"href":"https:\/\/monterossoistra.com\/sl\/wp-json\/wp\/v2\/media\/392474"}],"wp:attachment":[{"href":"https:\/\/monterossoistra.com\/sl\/wp-json\/wp\/v2\/media?parent=392142"}],"wp:term":[{"taxonomy":"product_brand","embeddable":true,"href":"https:\/\/monterossoistra.com\/sl\/wp-json\/wp\/v2\/product_brand?post=392142"},{"taxonomy":"product_cat","embeddable":true,"href":"https:\/\/monterossoistra.com\/sl\/wp-json\/wp\/v2\/product_cat?post=392142"},{"taxonomy":"product_tag","embeddable":true,"href":"https:\/\/monterossoistra.com\/sl\/wp-json\/wp\/v2\/product_tag?post=392142"}],"curies":[{"name":"wp","href":"https:\/\/api.w.org\/{rel}","templated":true}]}}