{"id":393181,"date":"2025-12-15T20:53:29","date_gmt":"2025-12-15T19:53:29","guid":{"rendered":"https:\/\/monterossoistra.com\/?post_type=product&#038;p=393181"},"modified":"2026-01-19T19:35:33","modified_gmt":"2026-01-19T18:35:33","slug":"six-expressions-of-excellence","status":"publish","type":"product","link":"https:\/\/monterossoistra.com\/sl\/darilni-program\/six-expressions-of-excellence\/","title":{"rendered":"Six Expressions of Excellence &#8211; limited edition"},"content":{"rendered":"<div class=\"&quot;\">6 kos Grand Selection Platinum 0,5 l v darilnih \u0161katlah, zapakirane v luksuzni zunanji \u0161katli, s prilo\u017eeno knjigo Monterosso.<\/div>\n<p>&nbsp;<\/p>\n","protected":false},"excerpt":{"rendered":"<p>Ultra visoko fenolno ekstra devi\u0161ko olj\u010dno olje, zgodnje obiranje.<\/p>\n","protected":false},"featured_media":393189,"template":"","meta":{"_seopress_robots_primary_cat":"none","_seopress_titles_title":"","_seopress_titles_desc":"","_seopress_robots_index":"","_et_pb_use_builder":"","_et_pb_old_content":"","_et_gb_content_width":""},"product_brand":[],"product_cat":[40],"product_tag":[],"class_list":{"0":"post-393181","1":"product","2":"type-product","3":"status-publish","4":"has-post-thumbnail","6":"product_cat-darilni-program","8":"first","9":"instock","10":"taxable","11":"shipping-taxable","12":"purchasable","13":"product-type-simple"},"_links":{"self":[{"href":"https:\/\/monterossoistra.com\/sl\/wp-json\/wp\/v2\/product\/393181","targetHints":{"allow":["GET"]}}],"collection":[{"href":"https:\/\/monterossoistra.com\/sl\/wp-json\/wp\/v2\/product"}],"about":[{"href":"https:\/\/monterossoistra.com\/sl\/wp-json\/wp\/v2\/types\/product"}],"wp:featuredmedia":[{"embeddable":true,"href":"https:\/\/monterossoistra.com\/sl\/wp-json\/wp\/v2\/media\/393189"}],"wp:attachment":[{"href":"https:\/\/monterossoistra.com\/sl\/wp-json\/wp\/v2\/media?parent=393181"}],"wp:term":[{"taxonomy":"product_brand","embeddable":true,"href":"https:\/\/monterossoistra.com\/sl\/wp-json\/wp\/v2\/product_brand?post=393181"},{"taxonomy":"product_cat","embeddable":true,"href":"https:\/\/monterossoistra.com\/sl\/wp-json\/wp\/v2\/product_cat?post=393181"},{"taxonomy":"product_tag","embeddable":true,"href":"https:\/\/monterossoistra.com\/sl\/wp-json\/wp\/v2\/product_tag?post=393181"}],"curies":[{"name":"wp","href":"https:\/\/api.w.org\/{rel}","templated":true}]}}